{"id":18398,"date":"2025-05-19T18:15:34","date_gmt":"2025-05-19T16:15:34","guid":{"rendered":"https:\/\/itlt.pl\/?page_id=18398"},"modified":"2026-03-22T21:57:52","modified_gmt":"2026-03-22T20:57:52","slug":"politica-de-cookie-uri","status":"publish","type":"page","link":"https:\/\/itlt.pl\/ro\/politica-de-cookie-uri","title":{"rendered":"Politica de cookie-uri"},"content":{"rendered":"\n<p>Acest site web folose\u0219te cookie-uri. Folosim cookie-uri pentru a personaliza con\u021binutul \u0219i reclamele, pentru a oferi func\u021bii sociale \u0219i pentru a analiza traficul site-ului nostru. Partaj\u0103m informa\u021bii despre modul \u00een care utiliza\u021bi site-ul nostru web cu partenerii sociali, de publicitate \u0219i de analiz\u0103. Partenerii pot combina aceste informa\u021bii cu alte date pe care le primesc de la dumneavoastr\u0103 sau de la utilizarea serviciilor lor.   <\/p>\n\n<p>Cookie-urile sunt mici fi\u0219iere text care pot fi utilizate de site-uri web pentru a face experien\u021ba utilizatorului mai eficient\u0103.<br\/><br\/>Legea prevede c\u0103 putem stoca cookie-uri pe dispozitivul dumneavoastr\u0103 dac\u0103 acest lucru este necesar pentru func\u021bionarea acestui site web. Pentru toate celelalte tipuri de cookie-uri, avem nevoie de permisiunea dvs. <br\/><br\/>Acest site web folose\u0219te diferite tipuri de cookie-uri. Unele cookie-uri sunt plasate de servicii ter\u021be care apar pe site-urile noastre. <br\/><br\/>V\u0103 pute\u021bi retrage consim\u021b\u0103m\u00e2ntul \u00een orice moment \u00een Declara\u021bia privind cookie-urile de pe site-ul nostru. <br\/><br\/>Afla\u021bi mai multe despre cine suntem, cum ne pute\u021bi contacta \u0219i cum prelucr\u0103m datele cu caracter personal \u00een conformitate <a href=\"https:\/\/leasingteam.pl\/polityka-prywatnosci\" target=\"_blank\" rel=\"noreferrer noopener\">cu Politica de confiden\u021bialitate <\/a><a href=\"https:\/\/leasingteam.pl\/polityka-prywatnosci\">.<\/a><\/p>\n","protected":false},"excerpt":{"rendered":"<p>Acest site web folose\u0219te cookie-uri. Folosim cookie-uri pentru a personaliza con\u021binutul \u0219i reclamele, pentru a oferi func\u021bii sociale \u0219i pentru a analiza traficul site-ului nostru. Partaj\u0103m informa\u021bii despre modul \u00een care utiliza\u021bi site-ul nostru web cu partenerii sociali, de publicitate \u0219i de analiz\u0103. Partenerii pot combina aceste informa\u021bii cu alte date pe care le primesc de la dumneavoastr\u0103 sau de la utilizarea serviciilor lor. Cookie-urile sunt mici fi\u0219iere text care [&hellip;]<\/p>\n","protected":false},"author":1,"featured_media":0,"parent":0,"menu_order":0,"comment_status":"closed","ping_status":"closed","template":"simple-info","meta":{"_acf_changed":false,"footnotes":""},"class_list":["post-18398","page","type-page","status-publish","hentry"],"acf":[],"yoast_head":"<!-- This site is optimized with the Yoast SEO plugin v25.3.1 - https:\/\/yoast.com\/wordpress\/plugins\/seo\/ -->\n<title>Politica de cookie-uri - ITLT<\/title>\n<meta name=\"robots\" content=\"index, follow, max-snippet:-1, max-image-preview:large, max-video-preview:-1\" \/>\n<link rel=\"canonical\" href=\"https:\/\/itlt.pl\/ro\/politica-de-cookie-uri\" \/>\n<meta property=\"og:locale\" content=\"ro_RO\" \/>\n<meta property=\"og:type\" content=\"article\" \/>\n<meta property=\"og:title\" content=\"Politica de cookie-uri - ITLT\" \/>\n<meta property=\"og:description\" content=\"Acest site web folose\u0219te cookie-uri. Folosim cookie-uri pentru a personaliza con\u021binutul \u0219i reclamele, pentru a oferi func\u021bii sociale \u0219i pentru a analiza traficul site-ului nostru. Partaj\u0103m informa\u021bii despre modul \u00een care utiliza\u021bi site-ul nostru web cu partenerii sociali, de publicitate \u0219i de analiz\u0103. Partenerii pot combina aceste informa\u021bii cu alte date pe care le primesc de la dumneavoastr\u0103 sau de la utilizarea serviciilor lor. Cookie-urile sunt mici fi\u0219iere text care [&hellip;]\" \/>\n<meta property=\"og:url\" content=\"https:\/\/itlt.pl\/ro\/politica-de-cookie-uri\" \/>\n<meta property=\"og:site_name\" content=\"IT LeasingTeam\" \/>\n<meta property=\"article:modified_time\" content=\"2026-03-22T20:57:52+00:00\" \/>\n<meta name=\"twitter:card\" content=\"summary_large_image\" \/>\n<meta name=\"twitter:label1\" content=\"Est. reading time\" \/>\n\t<meta name=\"twitter:data1\" content=\"1 minute\" \/>\n<script type=\"application\/ld+json\" class=\"yoast-schema-graph\">{\"@context\":\"https:\/\/schema.org\",\"@graph\":[{\"@type\":\"WebPage\",\"@id\":\"https:\/\/itlt.pl\/ro\/politica-de-cookie-uri\",\"url\":\"https:\/\/itlt.pl\/ro\/politica-de-cookie-uri\",\"name\":\"Politica de cookie-uri - ITLT\",\"isPartOf\":{\"@id\":\"https:\/\/itlt.pl\/ro#website\"},\"datePublished\":\"2025-05-19T16:15:34+00:00\",\"dateModified\":\"2026-03-22T20:57:52+00:00\",\"breadcrumb\":{\"@id\":\"https:\/\/itlt.pl\/ro\/politica-de-cookie-uri#breadcrumb\"},\"inLanguage\":\"ro-RO\",\"potentialAction\":[{\"@type\":\"ReadAction\",\"target\":[\"https:\/\/itlt.pl\/ro\/politica-de-cookie-uri\"]}]},{\"@type\":\"BreadcrumbList\",\"@id\":\"https:\/\/itlt.pl\/ro\/politica-de-cookie-uri#breadcrumb\",\"itemListElement\":[{\"@type\":\"ListItem\",\"position\":1,\"name\":\"Home\",\"item\":\"https:\/\/itlt.pl\/ro\"},{\"@type\":\"ListItem\",\"position\":2,\"name\":\"Politica de cookie-uri\"}]},{\"@type\":\"WebSite\",\"@id\":\"https:\/\/itlt.pl\/ro#website\",\"url\":\"https:\/\/itlt.pl\/ro\",\"name\":\"LeasingTeam\",\"description\":\"\",\"publisher\":{\"@id\":\"https:\/\/itlt.pl\/ro#organization\"},\"potentialAction\":[{\"@type\":\"SearchAction\",\"target\":{\"@type\":\"EntryPoint\",\"urlTemplate\":\"https:\/\/itlt.pl\/ro?s={search_term_string}\"},\"query-input\":{\"@type\":\"PropertyValueSpecification\",\"valueRequired\":true,\"valueName\":\"search_term_string\"}}],\"inLanguage\":\"ro-RO\"},{\"@type\":\"Organization\",\"@id\":\"https:\/\/itlt.pl\/ro#organization\",\"name\":\"LeasingTeam\",\"url\":\"https:\/\/itlt.pl\/ro\",\"logo\":{\"@type\":\"ImageObject\",\"inLanguage\":\"ro-RO\",\"@id\":\"https:\/\/itlt.pl\/ro#\/schema\/logo\/image\/\",\"url\":\"https:\/\/itlt.pl\/content\/uploads\/2025\/02\/Logotyp-LT-1.svg\",\"contentUrl\":\"https:\/\/itlt.pl\/content\/uploads\/2025\/02\/Logotyp-LT-1.svg\",\"width\":1,\"height\":1,\"caption\":\"LeasingTeam\"},\"image\":{\"@id\":\"https:\/\/itlt.pl\/ro#\/schema\/logo\/image\/\"}}]}<\/script>\n<!-- \/ Yoast SEO plugin. -->","yoast_head_json":{"title":"Politica de cookie-uri - ITLT","robots":{"index":"index","follow":"follow","max-snippet":"max-snippet:-1","max-image-preview":"max-image-preview:large","max-video-preview":"max-video-preview:-1"},"canonical":"https:\/\/itlt.pl\/ro\/politica-de-cookie-uri","og_locale":"ro_RO","og_type":"article","og_title":"Politica de cookie-uri - ITLT","og_description":"Acest site web folose\u0219te cookie-uri. Folosim cookie-uri pentru a personaliza con\u021binutul \u0219i reclamele, pentru a oferi func\u021bii sociale \u0219i pentru a analiza traficul site-ului nostru. Partaj\u0103m informa\u021bii despre modul \u00een care utiliza\u021bi site-ul nostru web cu partenerii sociali, de publicitate \u0219i de analiz\u0103. Partenerii pot combina aceste informa\u021bii cu alte date pe care le primesc de la dumneavoastr\u0103 sau de la utilizarea serviciilor lor. Cookie-urile sunt mici fi\u0219iere text care [&hellip;]","og_url":"https:\/\/itlt.pl\/ro\/politica-de-cookie-uri","og_site_name":"IT LeasingTeam","article_modified_time":"2026-03-22T20:57:52+00:00","twitter_card":"summary_large_image","twitter_misc":{"Est. reading time":"1 minute"},"schema":{"@context":"https:\/\/schema.org","@graph":[{"@type":"WebPage","@id":"https:\/\/itlt.pl\/ro\/politica-de-cookie-uri","url":"https:\/\/itlt.pl\/ro\/politica-de-cookie-uri","name":"Politica de cookie-uri - ITLT","isPartOf":{"@id":"https:\/\/itlt.pl\/ro#website"},"datePublished":"2025-05-19T16:15:34+00:00","dateModified":"2026-03-22T20:57:52+00:00","breadcrumb":{"@id":"https:\/\/itlt.pl\/ro\/politica-de-cookie-uri#breadcrumb"},"inLanguage":"ro-RO","potentialAction":[{"@type":"ReadAction","target":["https:\/\/itlt.pl\/ro\/politica-de-cookie-uri"]}]},{"@type":"BreadcrumbList","@id":"https:\/\/itlt.pl\/ro\/politica-de-cookie-uri#breadcrumb","itemListElement":[{"@type":"ListItem","position":1,"name":"Home","item":"https:\/\/itlt.pl\/ro"},{"@type":"ListItem","position":2,"name":"Politica de cookie-uri"}]},{"@type":"WebSite","@id":"https:\/\/itlt.pl\/ro#website","url":"https:\/\/itlt.pl\/ro","name":"LeasingTeam","description":"","publisher":{"@id":"https:\/\/itlt.pl\/ro#organization"},"potentialAction":[{"@type":"SearchAction","target":{"@type":"EntryPoint","urlTemplate":"https:\/\/itlt.pl\/ro?s={search_term_string}"},"query-input":{"@type":"PropertyValueSpecification","valueRequired":true,"valueName":"search_term_string"}}],"inLanguage":"ro-RO"},{"@type":"Organization","@id":"https:\/\/itlt.pl\/ro#organization","name":"LeasingTeam","url":"https:\/\/itlt.pl\/ro","logo":{"@type":"ImageObject","inLanguage":"ro-RO","@id":"https:\/\/itlt.pl\/ro#\/schema\/logo\/image\/","url":"https:\/\/itlt.pl\/content\/uploads\/2025\/02\/Logotyp-LT-1.svg","contentUrl":"https:\/\/itlt.pl\/content\/uploads\/2025\/02\/Logotyp-LT-1.svg","width":1,"height":1,"caption":"LeasingTeam"},"image":{"@id":"https:\/\/itlt.pl\/ro#\/schema\/logo\/image\/"}}]}},"_links":{"self":[{"href":"https:\/\/itlt.pl\/ro\/wp-json\/wp\/v2\/pages\/18398","targetHints":{"allow":["GET"]}}],"collection":[{"href":"https:\/\/itlt.pl\/ro\/wp-json\/wp\/v2\/pages"}],"about":[{"href":"https:\/\/itlt.pl\/ro\/wp-json\/wp\/v2\/types\/page"}],"author":[{"embeddable":true,"href":"https:\/\/itlt.pl\/ro\/wp-json\/wp\/v2\/users\/1"}],"replies":[{"embeddable":true,"href":"https:\/\/itlt.pl\/ro\/wp-json\/wp\/v2\/comments?post=18398"}],"version-history":[{"count":1,"href":"https:\/\/itlt.pl\/ro\/wp-json\/wp\/v2\/pages\/18398\/revisions"}],"predecessor-version":[{"id":18399,"href":"https:\/\/itlt.pl\/ro\/wp-json\/wp\/v2\/pages\/18398\/revisions\/18399"}],"wp:attachment":[{"href":"https:\/\/itlt.pl\/ro\/wp-json\/wp\/v2\/media?parent=18398"}],"curies":[{"name":"wp","href":"https:\/\/api.w.org\/{rel}","templated":true}]}}