{"id":18396,"date":"2025-05-19T18:15:34","date_gmt":"2025-05-19T16:15:34","guid":{"rendered":"https:\/\/itlt.pl\/?page_id=18396"},"modified":"2026-03-22T21:56:53","modified_gmt":"2026-03-22T20:56:53","slug":"cookie-richtlinie","status":"publish","type":"page","link":"https:\/\/itlt.pl\/de\/cookie-richtlinie","title":{"rendered":"Cookie-Richtlinie"},"content":{"rendered":"\n<p>Diese Website verwendet Cookies. Wir verwenden Cookies, um Inhalte und Anzeigen zu personalisieren, soziale Funktionen anzubieten und den Traffic auf unserer Website zu analysieren. Wir geben Informationen dar\u00fcber, wie Sie unsere Website nutzen, an Social-Media-, Werbe- und Analysepartner weiter. Partner k\u00f6nnen diese Informationen mit anderen Daten kombinieren, die sie von Ihnen oder aus Ihrer Nutzung ihrer Dienste erhalten.   <\/p>\n\n<p>Cookies sind kleine Textdateien, die von Websites verwendet werden k\u00f6nnen, um die Benutzererfahrung effizienter zu gestalten.<br\/><br\/>Das Gesetz besagt, dass wir Cookies auf Ihrem Ger\u00e4t speichern k\u00f6nnen, wenn dies f\u00fcr den Betrieb dieser Website erforderlich ist. F\u00fcr alle anderen Arten von Cookies ben\u00f6tigen wir Ihre Zustimmung. <br\/><br\/>Diese Website verwendet verschiedene Arten von Cookies. Einige Cookies werden von Diensten Dritter platziert, die auf unseren Websites erscheinen. <br\/><br\/>Sie k\u00f6nnen Ihre Einwilligung jederzeit in der Cookie-Erkl\u00e4rung auf unserer Website widerrufen. <br\/><br\/>Erfahren Sie in <a href=\"https:\/\/leasingteam.pl\/polityka-prywatnosci\" target=\"_blank\" rel=\"noreferrer noopener\">der Datenschutzrichtlinie<\/a> mehr dar\u00fcber, wer wir sind, wie Sie uns kontaktieren k\u00f6nnen und wie wir personenbezogene Daten verarbeiten<a href=\"https:\/\/leasingteam.pl\/polityka-prywatnosci\">.<\/a><\/p>\n","protected":false},"excerpt":{"rendered":"<p>Diese Website verwendet Cookies. Wir verwenden Cookies, um Inhalte und Anzeigen zu personalisieren, soziale Funktionen anzubieten und den Traffic auf unserer Website zu analysieren. Wir geben Informationen dar\u00fcber, wie Sie unsere Website nutzen, an Social-Media-, Werbe- und Analysepartner weiter. Partner k\u00f6nnen diese Informationen mit anderen Daten kombinieren, die sie von Ihnen oder aus Ihrer Nutzung ihrer Dienste erhalten. Cookies sind kleine Textdateien, die von Websites verwendet werden k\u00f6nnen, um die [&hellip;]<\/p>\n","protected":false},"author":1,"featured_media":0,"parent":0,"menu_order":0,"comment_status":"closed","ping_status":"closed","template":"simple-info","meta":{"_acf_changed":false,"footnotes":""},"class_list":["post-18396","page","type-page","status-publish","hentry"],"acf":[],"yoast_head":"<!-- This site is optimized with the Yoast SEO plugin v25.3.1 - https:\/\/yoast.com\/wordpress\/plugins\/seo\/ -->\n<title>ITLT<\/title>\n<meta name=\"robots\" content=\"index, follow, max-snippet:-1, max-image-preview:large, max-video-preview:-1\" \/>\n<link rel=\"canonical\" href=\"https:\/\/itlt.pl\/de\/cookie-richtlinie\" \/>\n<meta property=\"og:locale\" content=\"de_DE\" \/>\n<meta property=\"og:type\" content=\"article\" \/>\n<meta property=\"og:title\" content=\"ITLT\" \/>\n<meta property=\"og:description\" content=\"Diese Website verwendet Cookies. Wir verwenden Cookies, um Inhalte und Anzeigen zu personalisieren, soziale Funktionen anzubieten und den Traffic auf unserer Website zu analysieren. Wir geben Informationen dar\u00fcber, wie Sie unsere Website nutzen, an Social-Media-, Werbe- und Analysepartner weiter. Partner k\u00f6nnen diese Informationen mit anderen Daten kombinieren, die sie von Ihnen oder aus Ihrer Nutzung ihrer Dienste erhalten. Cookies sind kleine Textdateien, die von Websites verwendet werden k\u00f6nnen, um die [&hellip;]\" \/>\n<meta property=\"og:url\" content=\"https:\/\/itlt.pl\/de\/cookie-richtlinie\" \/>\n<meta property=\"og:site_name\" content=\"IT LeasingTeam\" \/>\n<meta property=\"article:modified_time\" content=\"2026-03-22T20:56:53+00:00\" \/>\n<meta name=\"twitter:card\" content=\"summary_large_image\" \/>\n<meta name=\"twitter:label1\" content=\"Est. reading time\" \/>\n\t<meta name=\"twitter:data1\" content=\"1 minute\" \/>\n<script type=\"application\/ld+json\" class=\"yoast-schema-graph\">{\"@context\":\"https:\/\/schema.org\",\"@graph\":[{\"@type\":\"WebPage\",\"@id\":\"https:\/\/itlt.pl\/de\/cookie-richtlinie\",\"url\":\"https:\/\/itlt.pl\/de\/cookie-richtlinie\",\"name\":\"ITLT\",\"isPartOf\":{\"@id\":\"https:\/\/itlt.pl\/de#website\"},\"datePublished\":\"2025-05-19T16:15:34+00:00\",\"dateModified\":\"2026-03-22T20:56:53+00:00\",\"breadcrumb\":{\"@id\":\"https:\/\/itlt.pl\/de\/cookie-richtlinie#breadcrumb\"},\"inLanguage\":\"de-DE\",\"potentialAction\":[{\"@type\":\"ReadAction\",\"target\":[\"https:\/\/itlt.pl\/de\/cookie-richtlinie\"]}]},{\"@type\":\"BreadcrumbList\",\"@id\":\"https:\/\/itlt.pl\/de\/cookie-richtlinie#breadcrumb\",\"itemListElement\":[{\"@type\":\"ListItem\",\"position\":1,\"name\":\"Home\",\"item\":\"https:\/\/itlt.pl\/de\"},{\"@type\":\"ListItem\",\"position\":2,\"name\":\"Cookie-Richtlinie\"}]},{\"@type\":\"WebSite\",\"@id\":\"https:\/\/itlt.pl\/de#website\",\"url\":\"https:\/\/itlt.pl\/de\",\"name\":\"LeasingTeam\",\"description\":\"\",\"publisher\":{\"@id\":\"https:\/\/itlt.pl\/de#organization\"},\"potentialAction\":[{\"@type\":\"SearchAction\",\"target\":{\"@type\":\"EntryPoint\",\"urlTemplate\":\"https:\/\/itlt.pl\/de?s={search_term_string}\"},\"query-input\":{\"@type\":\"PropertyValueSpecification\",\"valueRequired\":true,\"valueName\":\"search_term_string\"}}],\"inLanguage\":\"de-DE\"},{\"@type\":\"Organization\",\"@id\":\"https:\/\/itlt.pl\/de#organization\",\"name\":\"LeasingTeam\",\"url\":\"https:\/\/itlt.pl\/de\",\"logo\":{\"@type\":\"ImageObject\",\"inLanguage\":\"de-DE\",\"@id\":\"https:\/\/itlt.pl\/de#\/schema\/logo\/image\/\",\"url\":\"https:\/\/itlt.pl\/content\/uploads\/2025\/02\/Logotyp-LT-1.svg\",\"contentUrl\":\"https:\/\/itlt.pl\/content\/uploads\/2025\/02\/Logotyp-LT-1.svg\",\"width\":1,\"height\":1,\"caption\":\"LeasingTeam\"},\"image\":{\"@id\":\"https:\/\/itlt.pl\/de#\/schema\/logo\/image\/\"}}]}<\/script>\n<!-- \/ Yoast SEO plugin. -->","yoast_head_json":{"title":"ITLT","robots":{"index":"index","follow":"follow","max-snippet":"max-snippet:-1","max-image-preview":"max-image-preview:large","max-video-preview":"max-video-preview:-1"},"canonical":"https:\/\/itlt.pl\/de\/cookie-richtlinie","og_locale":"de_DE","og_type":"article","og_title":"ITLT","og_description":"Diese Website verwendet Cookies. Wir verwenden Cookies, um Inhalte und Anzeigen zu personalisieren, soziale Funktionen anzubieten und den Traffic auf unserer Website zu analysieren. Wir geben Informationen dar\u00fcber, wie Sie unsere Website nutzen, an Social-Media-, Werbe- und Analysepartner weiter. Partner k\u00f6nnen diese Informationen mit anderen Daten kombinieren, die sie von Ihnen oder aus Ihrer Nutzung ihrer Dienste erhalten. Cookies sind kleine Textdateien, die von Websites verwendet werden k\u00f6nnen, um die [&hellip;]","og_url":"https:\/\/itlt.pl\/de\/cookie-richtlinie","og_site_name":"IT LeasingTeam","article_modified_time":"2026-03-22T20:56:53+00:00","twitter_card":"summary_large_image","twitter_misc":{"Est. reading time":"1 minute"},"schema":{"@context":"https:\/\/schema.org","@graph":[{"@type":"WebPage","@id":"https:\/\/itlt.pl\/de\/cookie-richtlinie","url":"https:\/\/itlt.pl\/de\/cookie-richtlinie","name":"ITLT","isPartOf":{"@id":"https:\/\/itlt.pl\/de#website"},"datePublished":"2025-05-19T16:15:34+00:00","dateModified":"2026-03-22T20:56:53+00:00","breadcrumb":{"@id":"https:\/\/itlt.pl\/de\/cookie-richtlinie#breadcrumb"},"inLanguage":"de-DE","potentialAction":[{"@type":"ReadAction","target":["https:\/\/itlt.pl\/de\/cookie-richtlinie"]}]},{"@type":"BreadcrumbList","@id":"https:\/\/itlt.pl\/de\/cookie-richtlinie#breadcrumb","itemListElement":[{"@type":"ListItem","position":1,"name":"Home","item":"https:\/\/itlt.pl\/de"},{"@type":"ListItem","position":2,"name":"Cookie-Richtlinie"}]},{"@type":"WebSite","@id":"https:\/\/itlt.pl\/de#website","url":"https:\/\/itlt.pl\/de","name":"LeasingTeam","description":"","publisher":{"@id":"https:\/\/itlt.pl\/de#organization"},"potentialAction":[{"@type":"SearchAction","target":{"@type":"EntryPoint","urlTemplate":"https:\/\/itlt.pl\/de?s={search_term_string}"},"query-input":{"@type":"PropertyValueSpecification","valueRequired":true,"valueName":"search_term_string"}}],"inLanguage":"de-DE"},{"@type":"Organization","@id":"https:\/\/itlt.pl\/de#organization","name":"LeasingTeam","url":"https:\/\/itlt.pl\/de","logo":{"@type":"ImageObject","inLanguage":"de-DE","@id":"https:\/\/itlt.pl\/de#\/schema\/logo\/image\/","url":"https:\/\/itlt.pl\/content\/uploads\/2025\/02\/Logotyp-LT-1.svg","contentUrl":"https:\/\/itlt.pl\/content\/uploads\/2025\/02\/Logotyp-LT-1.svg","width":1,"height":1,"caption":"LeasingTeam"},"image":{"@id":"https:\/\/itlt.pl\/de#\/schema\/logo\/image\/"}}]}},"_links":{"self":[{"href":"https:\/\/itlt.pl\/de\/wp-json\/wp\/v2\/pages\/18396","targetHints":{"allow":["GET"]}}],"collection":[{"href":"https:\/\/itlt.pl\/de\/wp-json\/wp\/v2\/pages"}],"about":[{"href":"https:\/\/itlt.pl\/de\/wp-json\/wp\/v2\/types\/page"}],"author":[{"embeddable":true,"href":"https:\/\/itlt.pl\/de\/wp-json\/wp\/v2\/users\/1"}],"replies":[{"embeddable":true,"href":"https:\/\/itlt.pl\/de\/wp-json\/wp\/v2\/comments?post=18396"}],"version-history":[{"count":1,"href":"https:\/\/itlt.pl\/de\/wp-json\/wp\/v2\/pages\/18396\/revisions"}],"predecessor-version":[{"id":18397,"href":"https:\/\/itlt.pl\/de\/wp-json\/wp\/v2\/pages\/18396\/revisions\/18397"}],"wp:attachment":[{"href":"https:\/\/itlt.pl\/de\/wp-json\/wp\/v2\/media?parent=18396"}],"curies":[{"name":"wp","href":"https:\/\/api.w.org\/{rel}","templated":true}]}}