{"id":18394,"date":"2025-05-19T18:15:34","date_gmt":"2025-05-19T16:15:34","guid":{"rendered":"https:\/\/itlt.pl\/?page_id=18394"},"modified":"2026-03-22T21:57:24","modified_gmt":"2026-03-22T20:57:24","slug":"zasady-pouzivani-souboru-cookie","status":"publish","type":"page","link":"https:\/\/itlt.pl\/cs\/zasady-pouzivani-souboru-cookie","title":{"rendered":"Z\u00e1sady pou\u017e\u00edv\u00e1n\u00ed soubor\u016f cookie"},"content":{"rendered":"\n<p>Tento web pou\u017e\u00edv\u00e1 soubory cookie. Soubory cookie pou\u017e\u00edv\u00e1me k personalizaci obsahu a reklam, k nab\u00edzen\u00ed soci\u00e1ln\u00edch funkc\u00ed a k anal\u00fdze n\u00e1v\u0161t\u011bvnosti na\u0161ich str\u00e1nek. Informace o tom, jak pou\u017e\u00edv\u00e1te na\u0161e webov\u00e9 str\u00e1nky, sd\u00edl\u00edme se soci\u00e1ln\u00edmi, reklamn\u00edmi a analytick\u00fdmi partnery. Partne\u0159i mohou tyto informace kombinovat s dal\u0161\u00edmi \u00fadaji, kter\u00e9 od v\u00e1s obdr\u017e\u00ed nebo z va\u0161eho pou\u017e\u00edv\u00e1n\u00ed jejich slu\u017eeb.   <\/p>\n\n<p>Soubory cookie jsou mal\u00e9 textov\u00e9 soubory, kter\u00e9 mohou webov\u00e9 str\u00e1nky pou\u017e\u00edvat k zefektivn\u011bn\u00ed u\u017eivatelsk\u00e9 zku\u0161enosti.<br\/><br\/>Z\u00e1kon stanov\u00ed, \u017ee m\u016f\u017eeme ukl\u00e1dat soubory cookie do va\u0161eho za\u0159\u00edzen\u00ed, pokud je to nezbytn\u00e9 pro provoz t\u011bchto webov\u00fdch str\u00e1nek. U v\u0161ech ostatn\u00edch typ\u016f soubor\u016f cookie pot\u0159ebujeme v\u00e1\u0161 souhlas. <br\/><br\/>Tyto webov\u00e9 str\u00e1nky pou\u017e\u00edvaj\u00ed r\u016fzn\u00e9 typy soubor\u016f cookie. N\u011bkter\u00e9 soubory cookie umis\u0165uj\u00ed slu\u017eby t\u0159et\u00edch stran, kter\u00e9 se objevuj\u00ed na na\u0161ich str\u00e1nk\u00e1ch. <br\/><br\/>Sv\u016fj souhlas m\u016f\u017eete kdykoli odvolat v Prohl\u00e1\u0161en\u00ed o cookies na na\u0161ich webov\u00fdch str\u00e1nk\u00e1ch. <br\/><br\/>Dal\u0161\u00ed informace o tom, kdo jsme, jak n\u00e1s m\u016f\u017eete kontaktovat a jak zpracov\u00e1v\u00e1me osobn\u00ed \u00fadaje, najdete <a href=\"https:\/\/leasingteam.pl\/polityka-prywatnosci\" target=\"_blank\" rel=\"noreferrer noopener\">v Z\u00e1sad\u00e1ch ochrany osobn\u00edch \u00fadaj\u016f <\/a><a href=\"https:\/\/leasingteam.pl\/polityka-prywatnosci\">.<\/a><\/p>\n","protected":false},"excerpt":{"rendered":"<p>Tento web pou\u017e\u00edv\u00e1 soubory cookie. Soubory cookie pou\u017e\u00edv\u00e1me k personalizaci obsahu a reklam, k nab\u00edzen\u00ed soci\u00e1ln\u00edch funkc\u00ed a k anal\u00fdze n\u00e1v\u0161t\u011bvnosti na\u0161ich str\u00e1nek. Informace o tom, jak pou\u017e\u00edv\u00e1te na\u0161e webov\u00e9 str\u00e1nky, sd\u00edl\u00edme se soci\u00e1ln\u00edmi, reklamn\u00edmi a analytick\u00fdmi partnery. Partne\u0159i mohou tyto informace kombinovat s dal\u0161\u00edmi \u00fadaji, kter\u00e9 od v\u00e1s obdr\u017e\u00ed nebo z va\u0161eho pou\u017e\u00edv\u00e1n\u00ed jejich slu\u017eeb. Soubory cookie jsou mal\u00e9 textov\u00e9 soubory, kter\u00e9 mohou webov\u00e9 str\u00e1nky pou\u017e\u00edvat k zefektivn\u011bn\u00ed u\u017eivatelsk\u00e9 [&hellip;]<\/p>\n","protected":false},"author":1,"featured_media":0,"parent":0,"menu_order":0,"comment_status":"closed","ping_status":"closed","template":"simple-info","meta":{"_acf_changed":false,"footnotes":""},"class_list":["post-18394","page","type-page","status-publish","hentry"],"acf":[],"yoast_head":"<!-- This site is optimized with the Yoast SEO plugin v25.3.1 - https:\/\/yoast.com\/wordpress\/plugins\/seo\/ -->\n<title>Z\u00e1sady pou\u017e\u00edv\u00e1n\u00ed soubor\u016f cookie - ITLT<\/title>\n<meta name=\"robots\" content=\"index, follow, max-snippet:-1, max-image-preview:large, max-video-preview:-1\" \/>\n<link rel=\"canonical\" href=\"https:\/\/itlt.pl\/cs\/zasady-pouzivani-souboru-cookie\" \/>\n<meta property=\"og:locale\" content=\"cs_CZ\" \/>\n<meta property=\"og:type\" content=\"article\" \/>\n<meta property=\"og:title\" content=\"Z\u00e1sady pou\u017e\u00edv\u00e1n\u00ed soubor\u016f cookie - ITLT\" \/>\n<meta property=\"og:description\" content=\"Tento web pou\u017e\u00edv\u00e1 soubory cookie. Soubory cookie pou\u017e\u00edv\u00e1me k personalizaci obsahu a reklam, k nab\u00edzen\u00ed soci\u00e1ln\u00edch funkc\u00ed a k anal\u00fdze n\u00e1v\u0161t\u011bvnosti na\u0161ich str\u00e1nek. Informace o tom, jak pou\u017e\u00edv\u00e1te na\u0161e webov\u00e9 str\u00e1nky, sd\u00edl\u00edme se soci\u00e1ln\u00edmi, reklamn\u00edmi a analytick\u00fdmi partnery. Partne\u0159i mohou tyto informace kombinovat s dal\u0161\u00edmi \u00fadaji, kter\u00e9 od v\u00e1s obdr\u017e\u00ed nebo z va\u0161eho pou\u017e\u00edv\u00e1n\u00ed jejich slu\u017eeb. Soubory cookie jsou mal\u00e9 textov\u00e9 soubory, kter\u00e9 mohou webov\u00e9 str\u00e1nky pou\u017e\u00edvat k zefektivn\u011bn\u00ed u\u017eivatelsk\u00e9 [&hellip;]\" \/>\n<meta property=\"og:url\" content=\"https:\/\/itlt.pl\/cs\/zasady-pouzivani-souboru-cookie\" \/>\n<meta property=\"og:site_name\" content=\"IT LeasingTeam\" \/>\n<meta property=\"article:modified_time\" content=\"2026-03-22T20:57:24+00:00\" \/>\n<meta name=\"twitter:card\" content=\"summary_large_image\" \/>\n<meta name=\"twitter:label1\" content=\"Est. reading time\" \/>\n\t<meta name=\"twitter:data1\" content=\"1 minute\" \/>\n<script type=\"application\/ld+json\" class=\"yoast-schema-graph\">{\"@context\":\"https:\/\/schema.org\",\"@graph\":[{\"@type\":\"WebPage\",\"@id\":\"https:\/\/itlt.pl\/cs\/zasady-pouzivani-souboru-cookie\",\"url\":\"https:\/\/itlt.pl\/cs\/zasady-pouzivani-souboru-cookie\",\"name\":\"Z\u00e1sady pou\u017e\u00edv\u00e1n\u00ed soubor\u016f cookie - ITLT\",\"isPartOf\":{\"@id\":\"https:\/\/itlt.pl\/cs#website\"},\"datePublished\":\"2025-05-19T16:15:34+00:00\",\"dateModified\":\"2026-03-22T20:57:24+00:00\",\"breadcrumb\":{\"@id\":\"https:\/\/itlt.pl\/cs\/zasady-pouzivani-souboru-cookie#breadcrumb\"},\"inLanguage\":\"cs-CZ\",\"potentialAction\":[{\"@type\":\"ReadAction\",\"target\":[\"https:\/\/itlt.pl\/cs\/zasady-pouzivani-souboru-cookie\"]}]},{\"@type\":\"BreadcrumbList\",\"@id\":\"https:\/\/itlt.pl\/cs\/zasady-pouzivani-souboru-cookie#breadcrumb\",\"itemListElement\":[{\"@type\":\"ListItem\",\"position\":1,\"name\":\"Home\",\"item\":\"https:\/\/itlt.pl\/cs\"},{\"@type\":\"ListItem\",\"position\":2,\"name\":\"Z\u00e1sady pou\u017e\u00edv\u00e1n\u00ed soubor\u016f cookie\"}]},{\"@type\":\"WebSite\",\"@id\":\"https:\/\/itlt.pl\/cs#website\",\"url\":\"https:\/\/itlt.pl\/cs\",\"name\":\"LeasingTeam\",\"description\":\"\",\"publisher\":{\"@id\":\"https:\/\/itlt.pl\/cs#organization\"},\"potentialAction\":[{\"@type\":\"SearchAction\",\"target\":{\"@type\":\"EntryPoint\",\"urlTemplate\":\"https:\/\/itlt.pl\/cs?s={search_term_string}\"},\"query-input\":{\"@type\":\"PropertyValueSpecification\",\"valueRequired\":true,\"valueName\":\"search_term_string\"}}],\"inLanguage\":\"cs-CZ\"},{\"@type\":\"Organization\",\"@id\":\"https:\/\/itlt.pl\/cs#organization\",\"name\":\"LeasingTeam\",\"url\":\"https:\/\/itlt.pl\/cs\",\"logo\":{\"@type\":\"ImageObject\",\"inLanguage\":\"cs-CZ\",\"@id\":\"https:\/\/itlt.pl\/cs#\/schema\/logo\/image\/\",\"url\":\"https:\/\/itlt.pl\/content\/uploads\/2025\/02\/Logotyp-LT-1.svg\",\"contentUrl\":\"https:\/\/itlt.pl\/content\/uploads\/2025\/02\/Logotyp-LT-1.svg\",\"width\":1,\"height\":1,\"caption\":\"LeasingTeam\"},\"image\":{\"@id\":\"https:\/\/itlt.pl\/cs#\/schema\/logo\/image\/\"}}]}<\/script>\n<!-- \/ Yoast SEO plugin. -->","yoast_head_json":{"title":"Z\u00e1sady pou\u017e\u00edv\u00e1n\u00ed soubor\u016f cookie - ITLT","robots":{"index":"index","follow":"follow","max-snippet":"max-snippet:-1","max-image-preview":"max-image-preview:large","max-video-preview":"max-video-preview:-1"},"canonical":"https:\/\/itlt.pl\/cs\/zasady-pouzivani-souboru-cookie","og_locale":"cs_CZ","og_type":"article","og_title":"Z\u00e1sady pou\u017e\u00edv\u00e1n\u00ed soubor\u016f cookie - ITLT","og_description":"Tento web pou\u017e\u00edv\u00e1 soubory cookie. Soubory cookie pou\u017e\u00edv\u00e1me k personalizaci obsahu a reklam, k nab\u00edzen\u00ed soci\u00e1ln\u00edch funkc\u00ed a k anal\u00fdze n\u00e1v\u0161t\u011bvnosti na\u0161ich str\u00e1nek. Informace o tom, jak pou\u017e\u00edv\u00e1te na\u0161e webov\u00e9 str\u00e1nky, sd\u00edl\u00edme se soci\u00e1ln\u00edmi, reklamn\u00edmi a analytick\u00fdmi partnery. Partne\u0159i mohou tyto informace kombinovat s dal\u0161\u00edmi \u00fadaji, kter\u00e9 od v\u00e1s obdr\u017e\u00ed nebo z va\u0161eho pou\u017e\u00edv\u00e1n\u00ed jejich slu\u017eeb. Soubory cookie jsou mal\u00e9 textov\u00e9 soubory, kter\u00e9 mohou webov\u00e9 str\u00e1nky pou\u017e\u00edvat k zefektivn\u011bn\u00ed u\u017eivatelsk\u00e9 [&hellip;]","og_url":"https:\/\/itlt.pl\/cs\/zasady-pouzivani-souboru-cookie","og_site_name":"IT LeasingTeam","article_modified_time":"2026-03-22T20:57:24+00:00","twitter_card":"summary_large_image","twitter_misc":{"Est. reading time":"1 minute"},"schema":{"@context":"https:\/\/schema.org","@graph":[{"@type":"WebPage","@id":"https:\/\/itlt.pl\/cs\/zasady-pouzivani-souboru-cookie","url":"https:\/\/itlt.pl\/cs\/zasady-pouzivani-souboru-cookie","name":"Z\u00e1sady pou\u017e\u00edv\u00e1n\u00ed soubor\u016f cookie - ITLT","isPartOf":{"@id":"https:\/\/itlt.pl\/cs#website"},"datePublished":"2025-05-19T16:15:34+00:00","dateModified":"2026-03-22T20:57:24+00:00","breadcrumb":{"@id":"https:\/\/itlt.pl\/cs\/zasady-pouzivani-souboru-cookie#breadcrumb"},"inLanguage":"cs-CZ","potentialAction":[{"@type":"ReadAction","target":["https:\/\/itlt.pl\/cs\/zasady-pouzivani-souboru-cookie"]}]},{"@type":"BreadcrumbList","@id":"https:\/\/itlt.pl\/cs\/zasady-pouzivani-souboru-cookie#breadcrumb","itemListElement":[{"@type":"ListItem","position":1,"name":"Home","item":"https:\/\/itlt.pl\/cs"},{"@type":"ListItem","position":2,"name":"Z\u00e1sady pou\u017e\u00edv\u00e1n\u00ed soubor\u016f cookie"}]},{"@type":"WebSite","@id":"https:\/\/itlt.pl\/cs#website","url":"https:\/\/itlt.pl\/cs","name":"LeasingTeam","description":"","publisher":{"@id":"https:\/\/itlt.pl\/cs#organization"},"potentialAction":[{"@type":"SearchAction","target":{"@type":"EntryPoint","urlTemplate":"https:\/\/itlt.pl\/cs?s={search_term_string}"},"query-input":{"@type":"PropertyValueSpecification","valueRequired":true,"valueName":"search_term_string"}}],"inLanguage":"cs-CZ"},{"@type":"Organization","@id":"https:\/\/itlt.pl\/cs#organization","name":"LeasingTeam","url":"https:\/\/itlt.pl\/cs","logo":{"@type":"ImageObject","inLanguage":"cs-CZ","@id":"https:\/\/itlt.pl\/cs#\/schema\/logo\/image\/","url":"https:\/\/itlt.pl\/content\/uploads\/2025\/02\/Logotyp-LT-1.svg","contentUrl":"https:\/\/itlt.pl\/content\/uploads\/2025\/02\/Logotyp-LT-1.svg","width":1,"height":1,"caption":"LeasingTeam"},"image":{"@id":"https:\/\/itlt.pl\/cs#\/schema\/logo\/image\/"}}]}},"_links":{"self":[{"href":"https:\/\/itlt.pl\/cs\/wp-json\/wp\/v2\/pages\/18394","targetHints":{"allow":["GET"]}}],"collection":[{"href":"https:\/\/itlt.pl\/cs\/wp-json\/wp\/v2\/pages"}],"about":[{"href":"https:\/\/itlt.pl\/cs\/wp-json\/wp\/v2\/types\/page"}],"author":[{"embeddable":true,"href":"https:\/\/itlt.pl\/cs\/wp-json\/wp\/v2\/users\/1"}],"replies":[{"embeddable":true,"href":"https:\/\/itlt.pl\/cs\/wp-json\/wp\/v2\/comments?post=18394"}],"version-history":[{"count":1,"href":"https:\/\/itlt.pl\/cs\/wp-json\/wp\/v2\/pages\/18394\/revisions"}],"predecessor-version":[{"id":18395,"href":"https:\/\/itlt.pl\/cs\/wp-json\/wp\/v2\/pages\/18394\/revisions\/18395"}],"wp:attachment":[{"href":"https:\/\/itlt.pl\/cs\/wp-json\/wp\/v2\/media?parent=18394"}],"curies":[{"name":"wp","href":"https:\/\/api.w.org\/{rel}","templated":true}]}}