{"id":18055,"date":"2025-05-20T20:58:25","date_gmt":"2025-05-20T18:58:25","guid":{"rendered":"https:\/\/itlt.pl\/?page_id=18055"},"modified":"2026-03-22T21:57:21","modified_gmt":"2026-03-22T20:57:21","slug":"pracovni-agentura-olkusz","status":"publish","type":"page","link":"https:\/\/itlt.pl\/cs\/pracovni-agentura-olkusz","title":{"rendered":"Pracovn\u00ed agentura Olkusz"},"content":{"rendered":"","protected":false},"excerpt":{"rendered":"","protected":false},"author":8,"featured_media":0,"parent":0,"menu_order":0,"comment_status":"closed","ping_status":"closed","template":"","meta":{"_acf_changed":false,"footnotes":""},"class_list":["post-18055","page","type-page","status-publish","hentry"],"acf":[],"yoast_head":"<!-- This site is optimized with the Yoast SEO plugin v25.3.1 - https:\/\/yoast.com\/wordpress\/plugins\/seo\/ -->\n<title>Pracovn\u00ed agentura Olkusz | LeasingTeam | Pracovn\u00ed \u00fa\u0159ad<\/title>\n<meta name=\"robots\" content=\"index, follow, max-snippet:-1, max-image-preview:large, max-video-preview:-1\" \/>\n<link rel=\"canonical\" href=\"https:\/\/itlt.pl\/cs\/pracovni-agentura-olkusz\" \/>\n<meta property=\"og:locale\" content=\"cs_CZ\" \/>\n<meta property=\"og:type\" content=\"article\" \/>\n<meta property=\"og:title\" content=\"Pracovn\u00ed agentura Olkusz | LeasingTeam | Pracovn\u00ed \u00fa\u0159ad\" \/>\n<meta property=\"og:url\" content=\"https:\/\/itlt.pl\/cs\/pracovni-agentura-olkusz\" \/>\n<meta property=\"og:site_name\" content=\"IT LeasingTeam\" \/>\n<meta property=\"article:modified_time\" content=\"2026-03-22T20:57:21+00:00\" \/>\n<meta name=\"twitter:card\" content=\"summary_large_image\" \/>\n<script type=\"application\/ld+json\" class=\"yoast-schema-graph\">{\"@context\":\"https:\/\/schema.org\",\"@graph\":[{\"@type\":\"WebPage\",\"@id\":\"https:\/\/itlt.pl\/cs\/pracovni-agentura-olkusz\",\"url\":\"https:\/\/itlt.pl\/cs\/pracovni-agentura-olkusz\",\"name\":\"Pracovn\u00ed agentura Olkusz | LeasingTeam | Pracovn\u00ed \u00fa\u0159ad\",\"isPartOf\":{\"@id\":\"https:\/\/itlt.pl\/cs#website\"},\"datePublished\":\"2025-05-20T18:58:25+00:00\",\"dateModified\":\"2026-03-22T20:57:21+00:00\",\"breadcrumb\":{\"@id\":\"https:\/\/itlt.pl\/cs\/pracovni-agentura-olkusz#breadcrumb\"},\"inLanguage\":\"cs-CZ\",\"potentialAction\":[{\"@type\":\"ReadAction\",\"target\":[\"https:\/\/itlt.pl\/cs\/pracovni-agentura-olkusz\"]}]},{\"@type\":\"BreadcrumbList\",\"@id\":\"https:\/\/itlt.pl\/cs\/pracovni-agentura-olkusz#breadcrumb\",\"itemListElement\":[{\"@type\":\"ListItem\",\"position\":1,\"name\":\"Home\",\"item\":\"https:\/\/itlt.pl\/cs\"},{\"@type\":\"ListItem\",\"position\":2,\"name\":\"Pracovn\u00ed agentura Olkusz\"}]},{\"@type\":\"WebSite\",\"@id\":\"https:\/\/itlt.pl\/cs#website\",\"url\":\"https:\/\/itlt.pl\/cs\",\"name\":\"LeasingTeam\",\"description\":\"\",\"publisher\":{\"@id\":\"https:\/\/itlt.pl\/cs#organization\"},\"potentialAction\":[{\"@type\":\"SearchAction\",\"target\":{\"@type\":\"EntryPoint\",\"urlTemplate\":\"https:\/\/itlt.pl\/cs?s={search_term_string}\"},\"query-input\":{\"@type\":\"PropertyValueSpecification\",\"valueRequired\":true,\"valueName\":\"search_term_string\"}}],\"inLanguage\":\"cs-CZ\"},{\"@type\":\"Organization\",\"@id\":\"https:\/\/itlt.pl\/cs#organization\",\"name\":\"LeasingTeam\",\"url\":\"https:\/\/itlt.pl\/cs\",\"logo\":{\"@type\":\"ImageObject\",\"inLanguage\":\"cs-CZ\",\"@id\":\"https:\/\/itlt.pl\/cs#\/schema\/logo\/image\/\",\"url\":\"https:\/\/itlt.pl\/content\/uploads\/2025\/02\/Logotyp-LT-1.svg\",\"contentUrl\":\"https:\/\/itlt.pl\/content\/uploads\/2025\/02\/Logotyp-LT-1.svg\",\"width\":1,\"height\":1,\"caption\":\"LeasingTeam\"},\"image\":{\"@id\":\"https:\/\/itlt.pl\/cs#\/schema\/logo\/image\/\"}}]}<\/script>\n<!-- \/ Yoast SEO plugin. -->","yoast_head_json":{"title":"Pracovn\u00ed agentura Olkusz | LeasingTeam | Pracovn\u00ed \u00fa\u0159ad","robots":{"index":"index","follow":"follow","max-snippet":"max-snippet:-1","max-image-preview":"max-image-preview:large","max-video-preview":"max-video-preview:-1"},"canonical":"https:\/\/itlt.pl\/cs\/pracovni-agentura-olkusz","og_locale":"cs_CZ","og_type":"article","og_title":"Pracovn\u00ed agentura Olkusz | LeasingTeam | Pracovn\u00ed \u00fa\u0159ad","og_url":"https:\/\/itlt.pl\/cs\/pracovni-agentura-olkusz","og_site_name":"IT LeasingTeam","article_modified_time":"2026-03-22T20:57:21+00:00","twitter_card":"summary_large_image","schema":{"@context":"https:\/\/schema.org","@graph":[{"@type":"WebPage","@id":"https:\/\/itlt.pl\/cs\/pracovni-agentura-olkusz","url":"https:\/\/itlt.pl\/cs\/pracovni-agentura-olkusz","name":"Pracovn\u00ed agentura Olkusz | LeasingTeam | Pracovn\u00ed \u00fa\u0159ad","isPartOf":{"@id":"https:\/\/itlt.pl\/cs#website"},"datePublished":"2025-05-20T18:58:25+00:00","dateModified":"2026-03-22T20:57:21+00:00","breadcrumb":{"@id":"https:\/\/itlt.pl\/cs\/pracovni-agentura-olkusz#breadcrumb"},"inLanguage":"cs-CZ","potentialAction":[{"@type":"ReadAction","target":["https:\/\/itlt.pl\/cs\/pracovni-agentura-olkusz"]}]},{"@type":"BreadcrumbList","@id":"https:\/\/itlt.pl\/cs\/pracovni-agentura-olkusz#breadcrumb","itemListElement":[{"@type":"ListItem","position":1,"name":"Home","item":"https:\/\/itlt.pl\/cs"},{"@type":"ListItem","position":2,"name":"Pracovn\u00ed agentura Olkusz"}]},{"@type":"WebSite","@id":"https:\/\/itlt.pl\/cs#website","url":"https:\/\/itlt.pl\/cs","name":"LeasingTeam","description":"","publisher":{"@id":"https:\/\/itlt.pl\/cs#organization"},"potentialAction":[{"@type":"SearchAction","target":{"@type":"EntryPoint","urlTemplate":"https:\/\/itlt.pl\/cs?s={search_term_string}"},"query-input":{"@type":"PropertyValueSpecification","valueRequired":true,"valueName":"search_term_string"}}],"inLanguage":"cs-CZ"},{"@type":"Organization","@id":"https:\/\/itlt.pl\/cs#organization","name":"LeasingTeam","url":"https:\/\/itlt.pl\/cs","logo":{"@type":"ImageObject","inLanguage":"cs-CZ","@id":"https:\/\/itlt.pl\/cs#\/schema\/logo\/image\/","url":"https:\/\/itlt.pl\/content\/uploads\/2025\/02\/Logotyp-LT-1.svg","contentUrl":"https:\/\/itlt.pl\/content\/uploads\/2025\/02\/Logotyp-LT-1.svg","width":1,"height":1,"caption":"LeasingTeam"},"image":{"@id":"https:\/\/itlt.pl\/cs#\/schema\/logo\/image\/"}}]}},"_links":{"self":[{"href":"https:\/\/itlt.pl\/cs\/wp-json\/wp\/v2\/pages\/18055","targetHints":{"allow":["GET"]}}],"collection":[{"href":"https:\/\/itlt.pl\/cs\/wp-json\/wp\/v2\/pages"}],"about":[{"href":"https:\/\/itlt.pl\/cs\/wp-json\/wp\/v2\/types\/page"}],"author":[{"embeddable":true,"href":"https:\/\/itlt.pl\/cs\/wp-json\/wp\/v2\/users\/8"}],"replies":[{"embeddable":true,"href":"https:\/\/itlt.pl\/cs\/wp-json\/wp\/v2\/comments?post=18055"}],"version-history":[{"count":1,"href":"https:\/\/itlt.pl\/cs\/wp-json\/wp\/v2\/pages\/18055\/revisions"}],"predecessor-version":[{"id":18056,"href":"https:\/\/itlt.pl\/cs\/wp-json\/wp\/v2\/pages\/18055\/revisions\/18056"}],"wp:attachment":[{"href":"https:\/\/itlt.pl\/cs\/wp-json\/wp\/v2\/media?parent=18055"}],"curies":[{"name":"wp","href":"https:\/\/api.w.org\/{rel}","templated":true}]}}